{"id":4,"date":"2013-01-26T18:01:43","date_gmt":"2013-01-26T16:01:43","guid":{"rendered":"http:\/\/www.schirrmi.de\/blog\/?page_id=4"},"modified":"2023-09-14T16:07:49","modified_gmt":"2023-09-14T15:07:49","slug":"impressum","status":"publish","type":"page","link":"https:\/\/www.schirrmi.de\/blog\/impressum\/","title":{"rendered":"Impressum"},"content":{"rendered":"<blockquote><p>schirrmi.de ist meine rein private Website und mein Blog. Trotzdem, man wei\u00df ja bei den Irren nie, gibt es hier ausf\u00fchrlichere Angaben in Form eines Impressums. Hoffe dass ich damit der leidigen Impressums-Pflicht gen\u00fcge getan habe.<\/p><\/blockquote>\n<p><strong>Verantwortlich f\u00fcr den Inhalt nach \u00a7 55 Abs. 2 RStV, Angaben gem\u00e4\u00df \u00a7 5 TMG<\/strong><br \/>\nSchirrmi<\/p>\n<p><a href=\"https:\/\/i0.wp.com\/www.schirrmi.de\/blog\/wp-content\/uploads\/2022\/09\/EMail-Adresse-info-at-schirrmi-de.png?ssl=1\"><img data-recalc-dims=\"1\" loading=\"lazy\" decoding=\"async\" class=\"alignleft wp-image-5094 size-full\" src=\"https:\/\/i0.wp.com\/www.schirrmi.de\/blog\/wp-content\/uploads\/2022\/09\/EMail-Adresse-info-at-schirrmi-de.png?resize=222%2C31&#038;ssl=1\" alt=\"\" width=\"222\" height=\"31\" \/><\/a><\/p>\n<p>&nbsp;<\/p>\n<p><strong>Haftungsausschluss: <\/strong><\/p>\n<p><strong>Haftung f\u00fcr Inhalte<\/strong><\/p>\n<p>Die Inhalte meiner Seiten wurden mit gr\u00f6\u00dfter Sorgfalt erstellt. F\u00fcr die Richtigkeit, Vollst\u00e4ndigkeit und Aktualit\u00e4t der Inhalte kann ich jedoch keine Gew\u00e4hr \u00fcbernehmen. Als Diensteanbieter, der ich wohl mit diesem Blog bin, bin ich gem\u00e4\u00df \u00a7 7 Abs.1 TMG f\u00fcr eigene Inhalte auf diesen Seiten nach den allgemeinen Gesetzen verantwortlich. Nach \u00a7\u00a7 8 bis 10 TMG bin ich als Diensteanbieter jedoch nicht verpflichtet, \u00fcbermittelte oder gespeicherte fremde Informationen zu \u00fcberwachen oder nach Umst\u00e4nden zu forschen, die auf eine rechtswidrige T\u00e4tigkeit hinweisen. Verpflichtungen zur Entfernung oder Sperrung der Nutzung von Informationen nach den allgemeinen Gesetzen bleiben hiervon unber\u00fchrt. Eine diesbez\u00fcgliche Haftung ist jedoch erst ab dem Zeitpunkt der Kenntnis einer konkreten Rechtsverletzung m\u00f6glich. Bei Bekanntwerden von entsprechenden Rechtsverletzungen werde ich diese Inhalte umgehend entfernen.<\/p>\n<p><strong>Haftung f\u00fcr Links<\/strong><\/p>\n<p>Mein Blog enth\u00e4lt Links zu externen Webseiten Dritter, auf deren Inhalte ich keinen Einfluss habe. Deshalb kann ich f\u00fcr diese fremden Inhalte auch keine Gew\u00e4hr \u00fcbernehmen. F\u00fcr die Inhalte der verlinkten Seiten ist stets der jeweilige Anbieter oder Betreiber der Seiten verantwortlich. Die verlinkten Seiten wurden zum Zeitpunkt der Verlinkung auf m\u00f6gliche Rechtsverst\u00f6\u00dfe \u00fcberpr\u00fcft. Rechtswidrige Inhalte waren zum Zeitpunkt der Verlinkung nicht erkennbar. Eine permanente inhaltliche Kontrolle der verlinkten Seiten ist jedoch ohne konkrete Anhaltspunkte einer Rechtsverletzung nicht zumutbar. Bei Bekanntwerden von Rechtsverletzungen werde ich derartige Links umgehend entfernen.<\/p>\n<p><strong>Urheberrecht<\/strong><\/p>\n<p>Die durch mich erstellten Inhalte und Werke auf diesen Seiten unterliegen dem deutschen Urheberrecht. Die Vervielf\u00e4ltigung, Bearbeitung, Verbreitung und jede Art der Verwertung au\u00dferhalb der Grenzen des Urheberrechtes bed\u00fcrfen meiner schriftlichen Zustimmung. Downloads und Kopien dieser Seite sind nur f\u00fcr den privaten, nicht kommerziellen Gebrauch gestattet. Soweit die Inhalte auf dieser Seite nicht von mir erstellt wurden, werden die Urheberrechte Dritter beachtet. Insbesondere werden Inhalte Dritter als solche gekennzeichnet. Sollten Sie trotzdem auf eine Urheberrechtsverletzung aufmerksam werden, bitten wir um einen entsprechenden Hinweis. Bei Bekanntwerden von Rechtsverletzungen werde ich derartige Inhalte umgehend entfernen. Abmahnungen brauchen ausdr\u00fccklich nicht zugestellt werden, kontaktieren Sie mich einfach so wie es jeder normale Mensch tun w\u00fcrde.<\/p>\n<p><strong>Datenschutz<\/strong><\/p>\n<p>Die Nutzung meiner Webseite ist in der Regel ohne Angabe personenbezogener Daten m\u00f6glich. Soweit auf meinen Seiten personenbezogene Daten (beispielsweise Name, Anschrift oder eMail-Adressen) erhoben werden, erfolgt dies, soweit m\u00f6glich, stets auf freiwilliger Basis. Diese Daten werden ohne Ihre ausdr\u00fcckliche Zustimmung nicht an Dritte weitergegeben.<br \/>\nIch weise darauf hin, dass die Daten\u00fcbertragung im Internet (z.B. bei der Kommunikation per E-Mail) Sicherheitsl\u00fccken aufweisen kann. Ein l\u00fcckenloser Schutz der Daten vor dem Zugriff durch Dritte ist nicht m\u00f6glich.<br \/>\nDer Nutzung von im Rahmen der Impressumspflicht ver\u00f6ffentlichten Kontaktdaten durch Dritte zur \u00dcbersendung von nicht ausdr\u00fccklich angeforderter Werbung und Informationsmaterialien wird hiermit ausdr\u00fccklich widersprochen. Ich behalte mir ausdr\u00fccklich rechtliche Schritte im Falle der unverlangten Zusendung von Werbeinformationen, etwa durch Spam-Mails, vor.<\/p>\n<p><strong>Weitere wichtige Hinweise<br \/>\n<\/strong><\/p>\n<p>Ich stelle nicht sicher ob alle genutzten Drittprogramme auf dieser Website sicher sind und Ihre Privatsph\u00e4re sch\u00fctzen. Soweit reichen meine Informatikerkenntnisse nicht. Andernfalls m\u00fcsste ich alles selbst programmieren, wof\u00fcr ich allerdings keine Zeit habe. Falls von Ihnen irgendwas hier gespeichert wird, dann passiert das ohne mein Wissen und wird von mir weder beachtet noch ausgewertet.<strong> Ich rate Ihnen dringend: Geben Sie niemals pers\u00f6nliche Daten preis! Niemals und Nirgendwo!<\/strong><\/p>\n<p>&nbsp;<\/p>\n","protected":false},"excerpt":{"rendered":"<p>schirrmi.de ist meine rein private Website und mein Blog. Trotzdem, man wei\u00df ja bei den Irren nie, gibt es hier ausf\u00fchrlichere Angaben in Form eines Impressums. Hoffe dass ich damit der leidigen Impressums-Pflicht gen\u00fcge getan habe. Verantwortlich f\u00fcr den Inhalt nach \u00a7 55 Abs. 2 RStV, Angaben gem\u00e4\u00df \u00a7 5 TMG Schirrmi &nbsp; Haftungsausschluss: Haftung &hellip; <a href=\"https:\/\/www.schirrmi.de\/blog\/impressum\/\" class=\"more-link\"><span class=\"screen-reader-text\">Impressum<\/span> weiterlesen <span class=\"meta-nav\">&rarr;<\/span><\/a><\/p>\n","protected":false},"author":2,"featured_media":0,"parent":0,"menu_order":1,"comment_status":"open","ping_status":"open","template":"","meta":{"footnotes":""},"class_list":["post-4","page","type-page","status-publish","hentry"],"jetpack_shortlink":"https:\/\/wp.me\/P3l7Rv-4","jetpack_sharing_enabled":true,"_links":{"self":[{"href":"https:\/\/www.schirrmi.de\/blog\/wp-json\/wp\/v2\/pages\/4","targetHints":{"allow":["GET"]}}],"collection":[{"href":"https:\/\/www.schirrmi.de\/blog\/wp-json\/wp\/v2\/pages"}],"about":[{"href":"https:\/\/www.schirrmi.de\/blog\/wp-json\/wp\/v2\/types\/page"}],"author":[{"embeddable":true,"href":"https:\/\/www.schirrmi.de\/blog\/wp-json\/wp\/v2\/users\/2"}],"replies":[{"embeddable":true,"href":"https:\/\/www.schirrmi.de\/blog\/wp-json\/wp\/v2\/comments?post=4"}],"version-history":[{"count":18,"href":"https:\/\/www.schirrmi.de\/blog\/wp-json\/wp\/v2\/pages\/4\/revisions"}],"predecessor-version":[{"id":5347,"href":"https:\/\/www.schirrmi.de\/blog\/wp-json\/wp\/v2\/pages\/4\/revisions\/5347"}],"wp:attachment":[{"href":"https:\/\/www.schirrmi.de\/blog\/wp-json\/wp\/v2\/media?parent=4"}],"curies":[{"name":"wp","href":"https:\/\/api.w.org\/{rel}","templated":true}]}}